{"id":194,"date":"2024-09-21T19:41:33","date_gmt":"2024-09-21T19:41:33","guid":{"rendered":"https:\/\/gui-tec.com\/index.php\/our-team-3\/"},"modified":"2024-10-11T17:38:58","modified_gmt":"2024-10-11T17:38:58","slug":"our-partners","status":"publish","type":"page","link":"https:\/\/gui-tec.com\/fr\/our-partners\/","title":{"rendered":"Partenaires"},"content":{"rendered":"<div data-elementor-type=\"wp-page\" data-elementor-id=\"194\" class=\"elementor elementor-194\">\n\t\t\t\t\t\t<section class=\"elementor-section elementor-top-section elementor-element elementor-element-4d32d792 elementor-reverse-tablet elementor-reverse-mobile elementor-section-boxed elementor-section-height-default elementor-section-height-default\" data-id=\"4d32d792\" data-element_type=\"section\" data-settings=\"{&quot;background_background&quot;:&quot;classic&quot;}\">\n\t\t\t\t\t\t\t<div class=\"elementor-background-overlay\"><\/div>\n\t\t\t\t\t\t\t<div class=\"elementor-container elementor-column-gap-custom\">\n\t\t\t\t\t<div class=\"elementor-column elementor-col-100 elementor-top-column elementor-element elementor-element-68f62638\" data-id=\"68f62638\" data-element_type=\"column\" data-settings=\"{&quot;animation&quot;:&quot;none&quot;}\">\n\t\t\t<div class=\"elementor-widget-wrap elementor-element-populated\">\n\t\t\t\t\t\t<section class=\"elementor-section elementor-inner-section elementor-element elementor-element-290e6fdc elementor-section-boxed elementor-section-height-default elementor-section-height-default\" data-id=\"290e6fdc\" data-element_type=\"section\">\n\t\t\t\t\t\t<div class=\"elementor-container elementor-column-gap-default\">\n\t\t\t\t\t<div class=\"elementor-column elementor-col-100 elementor-inner-column elementor-element elementor-element-fa2e421\" data-id=\"fa2e421\" data-element_type=\"column\">\n\t\t\t<div class=\"elementor-widget-wrap elementor-element-populated\">\n\t\t\t\t\t\t<div class=\"elementor-element elementor-element-640effd8 elementor-widget elementor-widget-text-editor\" data-id=\"640effd8\" data-element_type=\"widget\" data-widget_type=\"text-editor.default\">\n\t\t\t\t<div class=\"elementor-widget-container\">\n\t\t\t\t\t\t\t\t\t<p>Partenaires<\/p>\t\t\t\t\t\t\t\t<\/div>\n\t\t\t\t<\/div>\n\t\t\t\t<div class=\"elementor-element elementor-element-b9b884c elementor-widget elementor-widget-text-editor\" data-id=\"b9b884c\" data-element_type=\"widget\" data-widget_type=\"text-editor.default\">\n\t\t\t\t<div class=\"elementor-widget-container\">\n\t\t\t\t\t\t\t\t\t<p class=\"p1\">Favoriser la croissance ensemble, \u00e0 chaque \u00e9tape<\/p>\t\t\t\t\t\t\t\t<\/div>\n\t\t\t\t<\/div>\n\t\t\t\t\t<\/div>\n\t\t<\/div>\n\t\t\t\t\t<\/div>\n\t\t<\/section>\n\t\t\t\t\t<\/div>\n\t\t<\/div>\n\t\t\t\t\t<\/div>\n\t\t<\/section>\n\t\t\t\t<section class=\"elementor-section elementor-top-section elementor-element elementor-element-765f8f0d elementor-section-full_width elementor-section-height-default elementor-section-height-default\" data-id=\"765f8f0d\" data-element_type=\"section\">\n\t\t\t\t\t\t<div class=\"elementor-container elementor-column-gap-no\">\n\t\t\t\t\t<div class=\"elementor-column elementor-col-100 elementor-top-column elementor-element elementor-element-6eac8083\" data-id=\"6eac8083\" data-element_type=\"column\">\n\t\t\t<div class=\"elementor-widget-wrap elementor-element-populated\">\n\t\t\t\t\t\t<div class=\"elementor-element elementor-element-987dc85 elementor-widget elementor-widget-image\" data-id=\"987dc85\" data-element_type=\"widget\" data-widget_type=\"image.default\">\n\t\t\t\t<div class=\"elementor-widget-container\">\n\t\t\t\t\t\t\t\t\t\t\t\t\t\t\t<img fetchpriority=\"high\" decoding=\"async\" width=\"1024\" height=\"512\" src=\"https:\/\/gui-tec.com\/wp-content\/uploads\/2024\/10\/silhouette-business-people-discussion-meeting-cityscape-team-concept_53876-146187.avif\" class=\"attachment-large size-large wp-image-770\" alt=\"\" \/>\t\t\t\t\t\t\t\t\t\t\t\t\t\t\t<\/div>\n\t\t\t\t<\/div>\n\t\t\t\t\t<\/div>\n\t\t<\/div>\n\t\t\t\t\t<\/div>\n\t\t<\/section>\n\t\t<div class=\"elementor-element elementor-element-c3c9f05 e-flex e-con-boxed e-con e-parent\" data-id=\"c3c9f05\" data-element_type=\"container\">\n\t\t\t\t\t<div class=\"e-con-inner\">\n\t\t\t\t<div class=\"elementor-element elementor-element-8b0eeaa e-n-tabs-mobile elementor-widget elementor-widget-n-tabs\" data-id=\"8b0eeaa\" data-element_type=\"widget\" data-settings=\"{&quot;horizontal_scroll&quot;:&quot;disable&quot;}\" data-widget_type=\"nested-tabs.default\">\n\t\t\t\t<div class=\"elementor-widget-container\">\n\t\t\t\t\t\t\t<div class=\"e-n-tabs\" data-widget-number=\"145813162\" aria-label=\"Tabs. Open items with Enter or Space, close with Escape and navigate using the Arrow keys.\">\n\t\t\t<div class=\"e-n-tabs-heading\" role=\"tablist\">\n\t\t\t\t\t<button id=\"e-n-tab-title-1458131621\" class=\"e-n-tab-title\" aria-selected=\"true\" data-tab-index=\"1\" role=\"tab\" tabindex=\"0\" aria-controls=\"e-n-tab-content-1458131621\" style=\"--n-tabs-title-order: 1;\">\n\t\t\t\t\t\t<span class=\"e-n-tab-title-text\">\n\t\t\t\tFAM\t\t\t<\/span>\n\t\t<\/button>\n\t\t\t\t<button id=\"e-n-tab-title-1458131622\" class=\"e-n-tab-title\" aria-selected=\"false\" data-tab-index=\"2\" role=\"tab\" tabindex=\"-1\" aria-controls=\"e-n-tab-content-1458131622\" style=\"--n-tabs-title-order: 2;\">\n\t\t\t\t\t\t<span class=\"e-n-tab-title-text\">\n\t\t\t\tKL INDUSTRIES\t\t\t<\/span>\n\t\t<\/button>\n\t\t\t\t<button id=\"e-n-tab-title-1458131623\" class=\"e-n-tab-title\" aria-selected=\"false\" data-tab-index=\"3\" role=\"tab\" tabindex=\"-1\" aria-controls=\"e-n-tab-content-1458131623\" style=\"--n-tabs-title-order: 3;\">\n\t\t\t\t\t\t<span class=\"e-n-tab-title-text\">\n\t\t\t\tSVT INDUSTRY\t\t\t<\/span>\n\t\t<\/button>\n\t\t\t\t<button id=\"e-n-tab-title-1458131624\" class=\"e-n-tab-title\" aria-selected=\"false\" data-tab-index=\"4\" role=\"tab\" tabindex=\"-1\" aria-controls=\"e-n-tab-content-1458131624\" style=\"--n-tabs-title-order: 4;\">\n\t\t\t\t\t\t<span class=\"e-n-tab-title-text\">\n\t\t\t\tLOUAULT\t\t\t<\/span>\n\t\t<\/button>\n\t\t\t\t\t<\/div>\n\t\t\t<div class=\"e-n-tabs-content\">\n\t\t\t\t<div id=\"e-n-tab-content-1458131621\" role=\"tabpanel\" aria-labelledby=\"e-n-tab-title-1458131621\" data-tab-index=\"1\" style=\"--n-tabs-title-order: 1;\" class=\"e-active elementor-element elementor-element-e65b12a e-con-full e-flex e-con e-child\" data-id=\"e65b12a\" data-element_type=\"container\">\n\t\t<div class=\"elementor-element elementor-element-e515a74 e-con-full e-flex e-con e-child\" data-id=\"e515a74\" data-element_type=\"container\">\n\t\t\t\t<div class=\"elementor-element elementor-element-d297d5f elementor-widget elementor-widget-image\" data-id=\"d297d5f\" data-element_type=\"widget\" data-widget_type=\"image.default\">\n\t\t\t\t<div class=\"elementor-widget-container\">\n\t\t\t\t\t\t\t\t\t\t\t\t\t\t\t\t<a href=\"https:\/\/www.beumergroup.com\/about-us\/fam\/industries\/\">\n\t\t\t\t\t\t\t<img decoding=\"async\" width=\"250\" height=\"99\" src=\"https:\/\/gui-tec.com\/wp-content\/uploads\/2024\/09\/3.png\" class=\"attachment-large size-large wp-image-446\" alt=\"\" \/>\t\t\t\t\t\t\t\t<\/a>\n\t\t\t\t\t\t\t\t\t\t\t\t\t\t\t<\/div>\n\t\t\t\t<\/div>\n\t\t\t\t<\/div>\n\t\t<div class=\"elementor-element elementor-element-a40dc5f e-flex e-con-boxed e-con e-child\" data-id=\"a40dc5f\" data-element_type=\"container\">\n\t\t\t\t\t<div class=\"e-con-inner\">\n\t\t\t\t<div class=\"elementor-element elementor-element-4b5dceb elementor-widget elementor-widget-text-editor\" data-id=\"4b5dceb\" data-element_type=\"widget\" data-widget_type=\"text-editor.default\">\n\t\t\t\t<div class=\"elementor-widget-container\">\n\t\t\t\t\t\t\t\t\t<div class=\"page\" title=\"Page 2\"><div class=\"layoutArea\"><div class=\"column\"><div class=\"page\" title=\"Page 2\"><div class=\"layoutArea\"><div class=\"column\"><p>FAM est une organisation internationale avec une histoire \u00e9prouv\u00e9e en tant que fabricant de syst\u00e8mes de manutention de mat\u00e9riaux en vrac et un h\u00e9ritage remontant au 19e si\u00e8cle. En tant que l'un des rares fournisseurs mondiaux de services complets, FAM propose tout ce dont vous avez besoin pour la manutention de mat\u00e9riaux en vrac. FAM fournit des solutions rentables, modernes et efficaces pour diverses industries travaillant avec des mati\u00e8res premi\u00e8res, de l'extraction et du traitement au transport, au chargement et au stockage. FAM pr\u00e9sente l'expertise allemande classique dans la combinaison r\u00e9ussie de la fabrication en s\u00e9rie et d'\u00e9quipements personnalis\u00e9s uniques, offrant non seulement une ing\u00e9nierie de haute qualit\u00e9 mais \u00e9galement un service approfondi.<\/p><p class=\"p1\">FAM GbmH, l'un des principaux fournisseurs mondiaux de services complets dans <span class=\"s1\">le domaine de l'exploitation <\/span>mini\u00e8re \u00e0 ciel ouvert, con\u00e7oit, construit et installe une gamme impressionnante d'\u00e9quipements qui comprend :<\/p><ul><li class=\"p1\">Excavateurs \u00e0 roue \u00e0 godets<\/li><li class=\"p1\">Concasseurs<\/li><li class=\"p1\">Convoyeurs \u00e0 bande<\/li><li class=\"p1\">Chargeurs de navires<\/li><\/ul><\/div><\/div><\/div><\/div><\/div><\/div>\t\t\t\t\t\t\t\t<\/div>\n\t\t\t\t<\/div>\n\t\t\t\t\t<\/div>\n\t\t\t\t<\/div>\n\t\t\t\t<\/div>\n\t\t<div id=\"e-n-tab-content-1458131622\" role=\"tabpanel\" aria-labelledby=\"e-n-tab-title-1458131622\" data-tab-index=\"2\" style=\"--n-tabs-title-order: 2;\" class=\"elementor-element elementor-element-8b79fbc e-con-full e-flex e-con e-child\" data-id=\"8b79fbc\" data-element_type=\"container\">\n\t\t<div class=\"elementor-element elementor-element-cdb6715 e-flex e-con-boxed e-con e-child\" data-id=\"cdb6715\" data-element_type=\"container\">\n\t\t\t\t\t<div class=\"e-con-inner\">\n\t\t\t\t<div class=\"elementor-element elementor-element-3cfe00c elementor-widget elementor-widget-image\" data-id=\"3cfe00c\" data-element_type=\"widget\" data-widget_type=\"image.default\">\n\t\t\t\t<div class=\"elementor-widget-container\">\n\t\t\t\t\t\t\t\t\t\t\t\t\t\t\t\t<a href=\"https:\/\/klindustries.lu\/domaines-dactivites-afrique\/\">\n\t\t\t\t\t\t\t<img decoding=\"async\" width=\"250\" height=\"99\" src=\"https:\/\/gui-tec.com\/wp-content\/uploads\/2024\/09\/2.png\" class=\"attachment-large size-large wp-image-445\" alt=\"\" \/>\t\t\t\t\t\t\t\t<\/a>\n\t\t\t\t\t\t\t\t\t\t\t\t\t\t\t<\/div>\n\t\t\t\t<\/div>\n\t\t\t\t\t<\/div>\n\t\t\t\t<\/div>\n\t\t<div class=\"elementor-element elementor-element-1c4627c e-con-full e-flex e-con e-child\" data-id=\"1c4627c\" data-element_type=\"container\">\n\t\t\t\t<div class=\"elementor-element elementor-element-bd3475f elementor-widget elementor-widget-text-editor\" data-id=\"bd3475f\" data-element_type=\"widget\" data-widget_type=\"text-editor.default\">\n\t\t\t\t<div class=\"elementor-widget-container\">\n\t\t\t\t\t\t\t\t\t<p>KL INDUSTRIES est appuy\u00e9e sur le terrain par sa filiale KL INDUSTRIES GUINEE bas\u00e9e \u00e0 Conakry. Cette filiale propose des prestations de montage et de mise en service dans les domaines d\u2019expertise du groupe. Dans ces branches d\u2019activit\u00e9, elle dispose d\u2019une \u00e9quipe de personnel hautement qualifi\u00e9 qui dispose des outils, \u00e9quipements et moyens de levage requis.<\/p><p class=\"p1\">Forte de plus de 30 ans d'exp\u00e9rience internationale au service de l'industrie lourde, KLI fournit et installe des ouvrages m\u00e9talliques, de la chaudronnerie et de la tuyauterie de haute qualit\u00e9. Ses ing\u00e9nieurs qualifi\u00e9s proposent des prix comp\u00e9titifs pour ses solutions techniques conformes aux exigences de <span class=\"s1\">qualit\u00e9 et aux d\u00e9lais de production.<\/span><\/p>\t\t\t\t\t\t\t\t<\/div>\n\t\t\t\t<\/div>\n\t\t\t\t<\/div>\n\t\t\t\t<\/div>\n\t\t<div id=\"e-n-tab-content-1458131623\" role=\"tabpanel\" aria-labelledby=\"e-n-tab-title-1458131623\" data-tab-index=\"3\" style=\"--n-tabs-title-order: 3;\" class=\"elementor-element elementor-element-19e932e e-con-full e-flex e-con e-child\" data-id=\"19e932e\" data-element_type=\"container\">\n\t\t<div class=\"elementor-element elementor-element-344a9a7 e-flex e-con-boxed e-con e-child\" data-id=\"344a9a7\" data-element_type=\"container\">\n\t\t\t\t\t<div class=\"e-con-inner\">\n\t\t\t\t<div class=\"elementor-element elementor-element-0599127 elementor-widget elementor-widget-image\" data-id=\"0599127\" data-element_type=\"widget\" data-widget_type=\"image.default\">\n\t\t\t\t<div class=\"elementor-widget-container\">\n\t\t\t\t\t\t\t\t\t\t\t\t\t\t\t\t<a href=\"https:\/\/www.svt-industry.com\/\">\n\t\t\t\t\t\t\t<img loading=\"lazy\" decoding=\"async\" width=\"250\" height=\"99\" src=\"https:\/\/gui-tec.com\/wp-content\/uploads\/2024\/09\/svt.png\" class=\"attachment-large size-large wp-image-447\" alt=\"\" \/>\t\t\t\t\t\t\t\t<\/a>\n\t\t\t\t\t\t\t\t\t\t\t\t\t\t\t<\/div>\n\t\t\t\t<\/div>\n\t\t\t\t\t<\/div>\n\t\t\t\t<\/div>\n\t\t<div class=\"elementor-element elementor-element-cca6a08 e-con-full e-flex e-con e-child\" data-id=\"cca6a08\" data-element_type=\"container\">\n\t\t\t\t<div class=\"elementor-element elementor-element-eb70bd9 elementor-widget elementor-widget-text-editor\" data-id=\"eb70bd9\" data-element_type=\"widget\" data-widget_type=\"text-editor.default\">\n\t\t\t\t<div class=\"elementor-widget-container\">\n\t\t\t\t\t\t\t\t\t<p class=\"p1\">La soci\u00e9t\u00e9 SVT Industry SAS a pour objectif de r\u00e9pondre \u00e0 tous vos besoins en pi\u00e8ces d\u00e9tach\u00e9es, pi\u00e8ces d'usure et consommables pour la maintenance industrielle g\u00e9n\u00e9rale mais propose \u00e9galement une gamme de pi\u00e8ces et services plus particuli\u00e8rement destin\u00e9s aux mines, carri\u00e8res et cimenteries.<\/p><p class=\"p1\">Sp\u00e9cialis\u00e9e dans la fourniture de pi\u00e8ces d'usure et de rechange en acier pour machines lourdes dans la construction, l'exploitation mini\u00e8re et l'industrie lourde ;<\/p><p class=\"p1\">SVT INDUSTRY fournit des produits tels que des pi\u00e8ces de machines de concassage et de criblage, ainsi que des pi\u00e8ces hydrauliques.<\/p>\t\t\t\t\t\t\t\t<\/div>\n\t\t\t\t<\/div>\n\t\t\t\t<\/div>\n\t\t\t\t<\/div>\n\t\t<div id=\"e-n-tab-content-1458131624\" role=\"tabpanel\" aria-labelledby=\"e-n-tab-title-1458131624\" data-tab-index=\"4\" style=\"--n-tabs-title-order: 4;\" class=\"elementor-element elementor-element-e9fc58d e-flex e-con-boxed e-con e-child\" data-id=\"e9fc58d\" data-element_type=\"container\">\n\t\t\t\t\t<div class=\"e-con-inner\">\n\t\t<div class=\"elementor-element elementor-element-a0c6d91 e-con-full e-flex e-con e-child\" data-id=\"a0c6d91\" data-element_type=\"container\">\n\t\t\t\t<div class=\"elementor-element elementor-element-f4255e6 elementor-widget elementor-widget-image\" data-id=\"f4255e6\" data-element_type=\"widget\" data-widget_type=\"image.default\">\n\t\t\t\t<div class=\"elementor-widget-container\">\n\t\t\t\t\t\t\t\t\t\t\t\t\t\t\t\t<a href=\"https:\/\/www.remorques-louault.com\/\">\n\t\t\t\t\t\t\t<img loading=\"lazy\" decoding=\"async\" width=\"250\" height=\"99\" src=\"https:\/\/gui-tec.com\/wp-content\/uploads\/2024\/09\/1.png\" class=\"attachment-large size-large wp-image-444\" alt=\"\" \/>\t\t\t\t\t\t\t\t<\/a>\n\t\t\t\t\t\t\t\t\t\t\t\t\t\t\t<\/div>\n\t\t\t\t<\/div>\n\t\t\t\t<\/div>\n\t\t<div class=\"elementor-element elementor-element-2b0fae9 e-con-full e-flex e-con e-child\" data-id=\"2b0fae9\" data-element_type=\"container\">\n\t\t\t\t<div class=\"elementor-element elementor-element-dc299fb elementor-widget elementor-widget-text-editor\" data-id=\"dc299fb\" data-element_type=\"widget\" data-widget_type=\"text-editor.default\">\n\t\t\t\t<div class=\"elementor-widget-container\">\n\t\t\t\t\t\t\t\t\t<p>Dirig\u00e9e par la famille Louault depuis trois g\u00e9n\u00e9rations, REMORQUES LOUAULT est le premier fabricant fran\u00e7ais de remorques et semi-remorques.<\/p><p>GUITEC, agent local de LOUAULT, aide ses clients \u00e0 acc\u00e9der \u00e0 des facilit\u00e9s de financement, \u00e0 des taux pr\u00e9f\u00e9rentiels, pour des camions neufs, des remorques, des citernes, etc. de toutes les marques europ\u00e9ennes.<\/p>\t\t\t\t\t\t\t\t<\/div>\n\t\t\t\t<\/div>\n\t\t\t\t<\/div>\n\t\t\t\t\t<\/div>\n\t\t\t\t<\/div>\n\t\t\t\t\t<\/div>\n\t\t<\/div>\n\t\t\t\t\t\t<\/div>\n\t\t\t\t<\/div>\n\t\t\t\t\t<\/div>\n\t\t\t\t<\/div>\n\t\t\t\t<section class=\"elementor-section elementor-top-section elementor-element elementor-element-224faa8 elementor-section-full_width elementor-section-height-default elementor-section-height-default\" data-id=\"224faa8\" data-element_type=\"section\" data-settings=\"{&quot;background_background&quot;:&quot;classic&quot;}\">\n\t\t\t\t\t\t\t<div class=\"elementor-background-overlay\"><\/div>\n\t\t\t\t\t\t\t<div class=\"elementor-container elementor-column-gap-default\">\n\t\t\t\t\t<div class=\"elementor-column elementor-col-100 elementor-top-column elementor-element elementor-element-74a530af\" data-id=\"74a530af\" data-element_type=\"column\">\n\t\t\t<div class=\"elementor-widget-wrap elementor-element-populated\">\n\t\t\t\t\t\t<section class=\"elementor-section elementor-inner-section elementor-element elementor-element-742e32ad elementor-section-boxed elementor-section-height-default elementor-section-height-default\" data-id=\"742e32ad\" data-element_type=\"section\">\n\t\t\t\t\t\t<div class=\"elementor-container elementor-column-gap-default\">\n\t\t\t\t\t<div class=\"elementor-column elementor-col-100 elementor-inner-column elementor-element elementor-element-515c856c\" data-id=\"515c856c\" data-element_type=\"column\">\n\t\t\t<div class=\"elementor-widget-wrap elementor-element-populated\">\n\t\t\t\t\t\t<div class=\"elementor-element elementor-element-6d982116 elementor-widget elementor-widget-text-editor\" data-id=\"6d982116\" data-element_type=\"widget\" data-widget_type=\"text-editor.default\">\n\t\t\t\t<div class=\"elementor-widget-container\">\n\t\t\t\t\t\t\t\t\t<p>Ils nous font confiance<\/p>\t\t\t\t\t\t\t\t<\/div>\n\t\t\t\t<\/div>\n\t\t\t\t<div class=\"elementor-element elementor-element-21d7d00 elementor-widget elementor-widget-king-addons-styled-text-builder\" data-id=\"21d7d00\" data-element_type=\"widget\" data-widget_type=\"king-addons-styled-text-builder.default\">\n\t\t\t\t<div class=\"elementor-widget-container\">\n\t\t\t\t\t        <div class=\"king-addons-styled-text-builder-items\">\n            <span class=\"elementor-repeater-item-1bc7638 king-addons-styled-text\"><span class=\"king-addons-styled-text-inner\"><span>Donnez du pouvoir \u00e0 votre entreprise gr\u00e2ce \u00e0 des<\/span><\/span><\/span><span class=\"elementor-repeater-item-317cfa9 king-addons-styled-text-underline-gradient king-addons-styled-text\"><span class=\"king-addons-styled-text-inner\"><span>solutions efficaces<\/span><\/span><\/span>        <\/div>\n        \t\t\t\t<\/div>\n\t\t\t\t<\/div>\n\t\t\t\t\t<\/div>\n\t\t<\/div>\n\t\t\t\t\t<\/div>\n\t\t<\/section>\n\t\t\t\t<section class=\"elementor-section elementor-inner-section elementor-element elementor-element-449821ec elementor-section-boxed elementor-section-height-default elementor-section-height-default elementor-invisible\" data-id=\"449821ec\" data-element_type=\"section\" data-settings=\"{&quot;animation&quot;:&quot;fadeIn&quot;}\">\n\t\t\t\t\t\t<div class=\"elementor-container elementor-column-gap-default\">\n\t\t\t\t\t<div class=\"elementor-column elementor-col-25 elementor-inner-column elementor-element elementor-element-64c31f43\" data-id=\"64c31f43\" data-element_type=\"column\">\n\t\t\t<div class=\"elementor-widget-wrap elementor-element-populated\">\n\t\t\t\t\t\t<div class=\"elementor-element elementor-element-3cbdeb52 elementor-widget elementor-widget-image\" data-id=\"3cbdeb52\" data-element_type=\"widget\" data-widget_type=\"image.default\">\n\t\t\t\t<div class=\"elementor-widget-container\">\n\t\t\t\t\t\t\t\t\t\t\t\t\t\t\t\t<a href=\"https:\/\/cbg-guinee.com\/\">\n\t\t\t\t\t\t\t<img loading=\"lazy\" decoding=\"async\" width=\"250\" height=\"99\" src=\"https:\/\/gui-tec.com\/wp-content\/uploads\/2024\/09\/7.png\" class=\"attachment-large size-large wp-image-453\" alt=\"\" \/>\t\t\t\t\t\t\t\t<\/a>\n\t\t\t\t\t\t\t\t\t\t\t\t\t\t\t<\/div>\n\t\t\t\t<\/div>\n\t\t\t\t\t<\/div>\n\t\t<\/div>\n\t\t\t\t<div class=\"elementor-column elementor-col-25 elementor-inner-column elementor-element elementor-element-75a65e5c\" data-id=\"75a65e5c\" data-element_type=\"column\">\n\t\t\t<div class=\"elementor-widget-wrap elementor-element-populated\">\n\t\t\t\t\t\t<div class=\"elementor-element elementor-element-54937d4c elementor-widget elementor-widget-image\" data-id=\"54937d4c\" data-element_type=\"widget\" data-widget_type=\"image.default\">\n\t\t\t\t<div class=\"elementor-widget-container\">\n\t\t\t\t\t\t\t\t\t\t\t\t\t\t\t\t<a href=\"http:\/\/eng.spic.com.cn\/\">\n\t\t\t\t\t\t\t<img loading=\"lazy\" decoding=\"async\" width=\"250\" height=\"99\" src=\"https:\/\/gui-tec.com\/wp-content\/uploads\/2024\/09\/6.png\" class=\"attachment-large size-large wp-image-452\" alt=\"\" \/>\t\t\t\t\t\t\t\t<\/a>\n\t\t\t\t\t\t\t\t\t\t\t\t\t\t\t<\/div>\n\t\t\t\t<\/div>\n\t\t\t\t\t<\/div>\n\t\t<\/div>\n\t\t\t\t<div class=\"elementor-column elementor-col-25 elementor-inner-column elementor-element elementor-element-5111bb84\" data-id=\"5111bb84\" data-element_type=\"column\">\n\t\t\t<div class=\"elementor-widget-wrap elementor-element-populated\">\n\t\t\t\t\t\t<div class=\"elementor-element elementor-element-7141e466 elementor-widget elementor-widget-image\" data-id=\"7141e466\" data-element_type=\"widget\" data-widget_type=\"image.default\">\n\t\t\t\t<div class=\"elementor-widget-container\">\n\t\t\t\t\t\t\t\t\t\t\t\t\t\t\t\t<a href=\"https:\/\/www.gacguinee.com\/\">\n\t\t\t\t\t\t\t<img loading=\"lazy\" decoding=\"async\" width=\"250\" height=\"99\" src=\"https:\/\/gui-tec.com\/wp-content\/uploads\/2024\/09\/5.png\" class=\"attachment-large size-large wp-image-451\" alt=\"\" \/>\t\t\t\t\t\t\t\t<\/a>\n\t\t\t\t\t\t\t\t\t\t\t\t\t\t\t<\/div>\n\t\t\t\t<\/div>\n\t\t\t\t\t<\/div>\n\t\t<\/div>\n\t\t\t\t<div class=\"elementor-column elementor-col-25 elementor-inner-column elementor-element elementor-element-4ac15fc\" data-id=\"4ac15fc\" data-element_type=\"column\">\n\t\t\t<div class=\"elementor-widget-wrap elementor-element-populated\">\n\t\t\t\t\t\t<div class=\"elementor-element elementor-element-2f3d0dc7 elementor-widget elementor-widget-image\" data-id=\"2f3d0dc7\" data-element_type=\"widget\" data-widget_type=\"image.default\">\n\t\t\t\t<div class=\"elementor-widget-container\">\n\t\t\t\t\t\t\t\t\t\t\t\t\t\t\t\t<a href=\"https:\/\/lafargeholcim-gn.com\/\">\n\t\t\t\t\t\t\t<img loading=\"lazy\" decoding=\"async\" width=\"250\" height=\"99\" src=\"https:\/\/gui-tec.com\/wp-content\/uploads\/2024\/09\/8.png\" class=\"attachment-large size-large wp-image-454\" alt=\"\" \/>\t\t\t\t\t\t\t\t<\/a>\n\t\t\t\t\t\t\t\t\t\t\t\t\t\t\t<\/div>\n\t\t\t\t<\/div>\n\t\t\t\t\t<\/div>\n\t\t<\/div>\n\t\t\t\t\t<\/div>\n\t\t<\/section>\n\t\t\t\t\t<\/div>\n\t\t<\/div>\n\t\t\t\t\t<\/div>\n\t\t<\/section>\n\t\t\t\t<\/div>","protected":false},"excerpt":{"rendered":"<p>Our Partners Empowering growth together, every step of the way FAM KL INDUSTRIES SVT INDUSTRY LOUAULT FAM is an international organization with a proven history as a manufacturer of bulk material handling systems and a heritage dating back to the 19th century. As one of the few global full-service providers, FAM offers everything required for [&hellip;]<\/p>","protected":false},"author":1,"featured_media":0,"parent":0,"menu_order":0,"comment_status":"closed","ping_status":"closed","template":"page-templates\/template-full-width-page-without-header-title.php","meta":{"footnotes":""},"class_list":["post-194","page","type-page","status-publish","hentry"],"_links":{"self":[{"href":"https:\/\/gui-tec.com\/fr\/wp-json\/wp\/v2\/pages\/194","targetHints":{"allow":["GET"]}}],"collection":[{"href":"https:\/\/gui-tec.com\/fr\/wp-json\/wp\/v2\/pages"}],"about":[{"href":"https:\/\/gui-tec.com\/fr\/wp-json\/wp\/v2\/types\/page"}],"author":[{"embeddable":true,"href":"https:\/\/gui-tec.com\/fr\/wp-json\/wp\/v2\/users\/1"}],"replies":[{"embeddable":true,"href":"https:\/\/gui-tec.com\/fr\/wp-json\/wp\/v2\/comments?post=194"}],"version-history":[{"count":93,"href":"https:\/\/gui-tec.com\/fr\/wp-json\/wp\/v2\/pages\/194\/revisions"}],"predecessor-version":[{"id":1272,"href":"https:\/\/gui-tec.com\/fr\/wp-json\/wp\/v2\/pages\/194\/revisions\/1272"}],"wp:attachment":[{"href":"https:\/\/gui-tec.com\/fr\/wp-json\/wp\/v2\/media?parent=194"}],"curies":[{"name":"wp","href":"https:\/\/api.w.org\/{rel}","templated":true}]}}