{"id":197,"date":"2024-09-21T19:41:33","date_gmt":"2024-09-21T19:41:33","guid":{"rendered":"https:\/\/gui-tec.com\/index.php\/about-us-3\/"},"modified":"2024-10-24T19:47:52","modified_gmt":"2024-10-24T19:47:52","slug":"about-us","status":"publish","type":"page","link":"https:\/\/gui-tec.com\/fr\/about-us\/","title":{"rendered":"\u00c0 propos"},"content":{"rendered":"<div data-elementor-type=\"wp-page\" data-elementor-id=\"197\" class=\"elementor elementor-197\">\n\t\t\t\t\t\t<section class=\"elementor-section elementor-top-section elementor-element elementor-element-67e71ff4 elementor-reverse-tablet elementor-reverse-mobile elementor-section-boxed elementor-section-height-default elementor-section-height-default\" data-id=\"67e71ff4\" data-element_type=\"section\" data-settings=\"{&quot;background_background&quot;:&quot;classic&quot;}\">\n\t\t\t\t\t\t\t<div class=\"elementor-background-overlay\"><\/div>\n\t\t\t\t\t\t\t<div class=\"elementor-container elementor-column-gap-custom\">\n\t\t\t\t\t<div class=\"elementor-column elementor-col-100 elementor-top-column elementor-element elementor-element-1f19b5d0\" data-id=\"1f19b5d0\" data-element_type=\"column\" data-settings=\"{&quot;animation&quot;:&quot;none&quot;}\">\n\t\t\t<div class=\"elementor-widget-wrap elementor-element-populated\">\n\t\t\t\t\t\t<section class=\"elementor-section elementor-inner-section elementor-element elementor-element-35a53999 elementor-section-boxed elementor-section-height-default elementor-section-height-default\" data-id=\"35a53999\" data-element_type=\"section\">\n\t\t\t\t\t\t<div class=\"elementor-container elementor-column-gap-default\">\n\t\t\t\t\t<div class=\"elementor-column elementor-col-100 elementor-inner-column elementor-element elementor-element-1df21722\" data-id=\"1df21722\" data-element_type=\"column\">\n\t\t\t<div class=\"elementor-widget-wrap elementor-element-populated\">\n\t\t\t\t\t\t<div class=\"elementor-element elementor-element-121c9b6f elementor-widget elementor-widget-text-editor\" data-id=\"121c9b6f\" data-element_type=\"widget\" data-widget_type=\"text-editor.default\">\n\t\t\t\t<div class=\"elementor-widget-container\">\n\t\t\t\t\t\t\t\t\tQui sommes-nous\t\t\t\t\t\t\t\t<\/div>\n\t\t\t\t<\/div>\n\t\t\t\t<div class=\"elementor-element elementor-element-7b48f596 elementor-widget elementor-widget-text-editor\" data-id=\"7b48f596\" data-element_type=\"widget\" data-widget_type=\"text-editor.default\">\n\t\t\t\t<div class=\"elementor-widget-container\">\n\t\t\t\t\t\t\t\t\t<p class=\"p1\">Votre partenaire de croissance et d'excellence<\/p>\t\t\t\t\t\t\t\t<\/div>\n\t\t\t\t<\/div>\n\t\t\t\t\t<\/div>\n\t\t<\/div>\n\t\t\t\t\t<\/div>\n\t\t<\/section>\n\t\t\t\t\t<\/div>\n\t\t<\/div>\n\t\t\t\t\t<\/div>\n\t\t<\/section>\n\t\t\t\t<section class=\"elementor-section elementor-top-section elementor-element elementor-element-60fa65d2 elementor-section-full_width elementor-section-height-default elementor-section-height-default\" data-id=\"60fa65d2\" data-element_type=\"section\">\n\t\t\t\t\t\t<div class=\"elementor-container elementor-column-gap-no\">\n\t\t\t\t\t<div class=\"elementor-column elementor-col-100 elementor-top-column elementor-element elementor-element-3126f473\" data-id=\"3126f473\" data-element_type=\"column\">\n\t\t\t<div class=\"elementor-widget-wrap elementor-element-populated\">\n\t\t\t\t\t\t<div class=\"elementor-element elementor-element-5a63d21f elementor-widget elementor-widget-image\" data-id=\"5a63d21f\" data-element_type=\"widget\" data-widget_type=\"image.default\">\n\t\t\t\t<div class=\"elementor-widget-container\">\n\t\t\t\t\t\t\t\t\t\t\t\t\t\t\t<img fetchpriority=\"high\" decoding=\"async\" width=\"1024\" height=\"768\" src=\"https:\/\/gui-tec.com\/wp-content\/uploads\/2024\/10\/WhatsApp-Image-2024-10-16-at-17.39.21-1-1024x768.jpeg\" class=\"attachment-large size-large wp-image-1111\" alt=\"\" srcset=\"https:\/\/gui-tec.com\/wp-content\/uploads\/2024\/10\/WhatsApp-Image-2024-10-16-at-17.39.21-1-1024x768.jpeg 1024w, https:\/\/gui-tec.com\/wp-content\/uploads\/2024\/10\/WhatsApp-Image-2024-10-16-at-17.39.21-1-300x225.jpeg 300w, https:\/\/gui-tec.com\/wp-content\/uploads\/2024\/10\/WhatsApp-Image-2024-10-16-at-17.39.21-1-768x576.jpeg 768w, https:\/\/gui-tec.com\/wp-content\/uploads\/2024\/10\/WhatsApp-Image-2024-10-16-at-17.39.21-1-1536x1152.jpeg 1536w, https:\/\/gui-tec.com\/wp-content\/uploads\/2024\/10\/WhatsApp-Image-2024-10-16-at-17.39.21-1-16x12.jpeg 16w, https:\/\/gui-tec.com\/wp-content\/uploads\/2024\/10\/WhatsApp-Image-2024-10-16-at-17.39.21-1.jpeg 1600w\" sizes=\"(max-width: 1024px) 100vw, 1024px\" \/>\t\t\t\t\t\t\t\t\t\t\t\t\t\t\t<\/div>\n\t\t\t\t<\/div>\n\t\t\t\t\t<\/div>\n\t\t<\/div>\n\t\t\t\t\t<\/div>\n\t\t<\/section>\n\t\t\t\t<section class=\"elementor-section elementor-top-section elementor-element elementor-element-4d1ee996 elementor-section-boxed elementor-section-height-default elementor-section-height-default\" data-id=\"4d1ee996\" data-element_type=\"section\" data-settings=\"{&quot;background_background&quot;:&quot;classic&quot;}\">\n\t\t\t\t\t\t\t<div class=\"elementor-background-overlay\"><\/div>\n\t\t\t\t\t\t\t<div class=\"elementor-container elementor-column-gap-default\">\n\t\t\t\t\t<div class=\"elementor-column elementor-col-100 elementor-top-column elementor-element elementor-element-1aff8e4f\" data-id=\"1aff8e4f\" data-element_type=\"column\" data-settings=\"{&quot;background_background&quot;:&quot;classic&quot;}\">\n\t\t\t<div class=\"elementor-widget-wrap elementor-element-populated\">\n\t\t\t\t\t\t<section class=\"elementor-section elementor-inner-section elementor-element elementor-element-f806217 elementor-section-full_width elementor-section-height-default elementor-section-height-default\" data-id=\"f806217\" data-element_type=\"section\">\n\t\t\t\t\t\t<div class=\"elementor-container elementor-column-gap-default\">\n\t\t\t\t\t<div class=\"elementor-column elementor-col-50 elementor-inner-column elementor-element elementor-element-8235c8c\" data-id=\"8235c8c\" data-element_type=\"column\" data-settings=\"{&quot;background_background&quot;:&quot;classic&quot;}\">\n\t\t\t<div class=\"elementor-widget-wrap elementor-element-populated\">\n\t\t\t\t\t\t<div class=\"elementor-element elementor-element-29d10000 elementor-widget elementor-widget-image\" data-id=\"29d10000\" data-element_type=\"widget\" data-widget_type=\"image.default\">\n\t\t\t\t<div class=\"elementor-widget-container\">\n\t\t\t\t\t\t\t\t\t\t\t\t\t\t\t<img decoding=\"async\" width=\"1024\" height=\"768\" src=\"https:\/\/gui-tec.com\/wp-content\/uploads\/2024\/10\/WhatsApp-Image-2024-10-16-at-17.32.09-1024x768.jpeg\" class=\"attachment-large size-large wp-image-1113\" alt=\"\" srcset=\"https:\/\/gui-tec.com\/wp-content\/uploads\/2024\/10\/WhatsApp-Image-2024-10-16-at-17.32.09-1024x768.jpeg 1024w, https:\/\/gui-tec.com\/wp-content\/uploads\/2024\/10\/WhatsApp-Image-2024-10-16-at-17.32.09-300x225.jpeg 300w, https:\/\/gui-tec.com\/wp-content\/uploads\/2024\/10\/WhatsApp-Image-2024-10-16-at-17.32.09-768x576.jpeg 768w, https:\/\/gui-tec.com\/wp-content\/uploads\/2024\/10\/WhatsApp-Image-2024-10-16-at-17.32.09-1536x1152.jpeg 1536w, https:\/\/gui-tec.com\/wp-content\/uploads\/2024\/10\/WhatsApp-Image-2024-10-16-at-17.32.09-16x12.jpeg 16w, https:\/\/gui-tec.com\/wp-content\/uploads\/2024\/10\/WhatsApp-Image-2024-10-16-at-17.32.09.jpeg 1600w\" sizes=\"(max-width: 1024px) 100vw, 1024px\" \/>\t\t\t\t\t\t\t\t\t\t\t\t\t\t\t<\/div>\n\t\t\t\t<\/div>\n\t\t\t\t<div class=\"elementor-element elementor-element-7d640b4d elementor-widget elementor-widget-html\" data-id=\"7d640b4d\" data-element_type=\"widget\" data-widget_type=\"html.default\">\n\t\t\t\t<div class=\"elementor-widget-container\">\n\t\t\t\t\t<style>\n.rotate {\n animation: rotation 8s infinite linear;\n     }\n@keyframes rotation {\nfrom {\ntransform: rotate(0deg);\n}\nto {\ntransform: rotate(359deg);\n}\n}\n<\/style>\t\t\t\t<\/div>\n\t\t\t\t<\/div>\n\t\t\t\t\t<\/div>\n\t\t<\/div>\n\t\t\t\t<div class=\"elementor-column elementor-col-50 elementor-inner-column elementor-element elementor-element-12808324\" data-id=\"12808324\" data-element_type=\"column\">\n\t\t\t<div class=\"elementor-widget-wrap elementor-element-populated\">\n\t\t\t\t\t\t<div class=\"elementor-element elementor-element-3abed03b elementor-widget elementor-widget-text-editor\" data-id=\"3abed03b\" data-element_type=\"widget\" data-widget_type=\"text-editor.default\">\n\t\t\t\t<div class=\"elementor-widget-container\">\n\t\t\t\t\t\t\t\t\t\u00c0 propos de nous\t\t\t\t\t\t\t\t<\/div>\n\t\t\t\t<\/div>\n\t\t\t\t<div class=\"elementor-element elementor-element-653d2ffe elementor-widget elementor-widget-king-addons-styled-text-builder\" data-id=\"653d2ffe\" data-element_type=\"widget\" data-widget_type=\"king-addons-styled-text-builder.default\">\n\t\t\t\t<div class=\"elementor-widget-container\">\n\t\t\t\t\t        <div class=\"king-addons-styled-text-builder-items\">\n            <span class=\"elementor-repeater-item-1bc7638 king-addons-styled-text\"><span class=\"king-addons-styled-text-inner\"><span>Des solutions innovantes pour les<\/span><\/span><\/span><span class=\"elementor-repeater-item-317cfa9 king-addons-styled-text-underline-gradient king-addons-styled-text\"><span class=\"king-addons-styled-text-inner\"><span> Challenges de demain<\/span><\/span><\/span>        <\/div>\n        \t\t\t\t<\/div>\n\t\t\t\t<\/div>\n\t\t\t\t<div class=\"elementor-element elementor-element-6a95ea30 elementor-widget elementor-widget-text-editor\" data-id=\"6a95ea30\" data-element_type=\"widget\" data-widget_type=\"text-editor.default\">\n\t\t\t\t<div class=\"elementor-widget-container\">\n\t\t\t\t\t\t\t\t\t<p class=\"p1\">Cr\u00e9\u00e9e en 1997, GUITEC est une agence commerciale de premier plan bas\u00e9e en Afrique de l\u2019Ouest, repr\u00e9sentant un groupe soigneusement s\u00e9lectionn\u00e9 de leaders du secteur de l\u2019industrie et des laboratoires. Gr\u00e2ce \u00e0 des partenariats strat\u00e9giques avec des fabricants et des prestataires de services r\u00e9put\u00e9s et \u00e0 un engagement en faveur du d\u00e9veloppement socio-\u00e9conomique de l\u2019Afrique, GUITEC fournit constamment des \u00e9quipements de haute qualit\u00e9 et des solutions innovantes \u00e0 sa client\u00e8le diversifi\u00e9e.<\/p>\t\t\t\t\t\t\t\t<\/div>\n\t\t\t\t<\/div>\n\t\t\t\t<div class=\"elementor-element elementor-element-2f5fb288 elementor-icon-list--layout-traditional elementor-list-item-link-full_width elementor-widget elementor-widget-icon-list\" data-id=\"2f5fb288\" data-element_type=\"widget\" data-widget_type=\"icon-list.default\">\n\t\t\t\t<div class=\"elementor-widget-container\">\n\t\t\t\t\t\t\t<ul class=\"elementor-icon-list-items\">\n\t\t\t\t\t\t\t<li class=\"elementor-icon-list-item\">\n\t\t\t\t\t\t\t\t\t\t\t<span class=\"elementor-icon-list-icon\">\n\t\t\t\t\t\t\t<svg aria-hidden=\"true\" class=\"e-font-icon-svg e-fas-dot-circle\" viewbox=\"0 0 512 512\" xmlns=\"http:\/\/www.w3.org\/2000\/svg\"><path d=\"M256 8C119.033 8 8 119.033 8 256s111.033 248 248 248 248-111.033 248-248S392.967 8 256 8zm80 248c0 44.112-35.888 80-80 80s-80-35.888-80-80 35.888-80 80-80 80 35.888 80 80z\"><\/path><\/svg>\t\t\t\t\t\t<\/span>\n\t\t\t\t\t\t\t\t\t\t<span class=\"elementor-icon-list-text\">Machines mini\u00e8res lourdes<br>(Convoyeurs, concasseurs, excavatrices, chargeurs de navires, etc.)<\/span>\n\t\t\t\t\t\t\t\t\t<\/li>\n\t\t\t\t\t\t\t\t<li class=\"elementor-icon-list-item\">\n\t\t\t\t\t\t\t\t\t\t\t<span class=\"elementor-icon-list-icon\">\n\t\t\t\t\t\t\t<svg aria-hidden=\"true\" class=\"e-font-icon-svg e-fas-dot-circle\" viewbox=\"0 0 512 512\" xmlns=\"http:\/\/www.w3.org\/2000\/svg\"><path d=\"M256 8C119.033 8 8 119.033 8 256s111.033 248 248 248 248-111.033 248-248S392.967 8 256 8zm80 248c0 44.112-35.888 80-80 80s-80-35.888-80-80 35.888-80 80-80 80 35.888 80 80z\"><\/path><\/svg>\t\t\t\t\t\t<\/span>\n\t\t\t\t\t\t\t\t\t\t<span class=\"elementor-icon-list-text\">Pi\u00e8ces de rechange pour \u00e9quipements de production<br>(Cimenteries, Brasseries, etc.)<\/span>\n\t\t\t\t\t\t\t\t\t<\/li>\n\t\t\t\t\t\t\t\t<li class=\"elementor-icon-list-item\">\n\t\t\t\t\t\t\t\t\t\t\t<span class=\"elementor-icon-list-icon\">\n\t\t\t\t\t\t\t<svg aria-hidden=\"true\" class=\"e-font-icon-svg e-fas-dot-circle\" viewbox=\"0 0 512 512\" xmlns=\"http:\/\/www.w3.org\/2000\/svg\"><path d=\"M256 8C119.033 8 8 119.033 8 256s111.033 248 248 248 248-111.033 248-248S392.967 8 256 8zm80 248c0 44.112-35.888 80-80 80s-80-35.888-80-80 35.888-80 80-80 80 35.888 80 80z\"><\/path><\/svg>\t\t\t\t\t\t<\/span>\n\t\t\t\t\t\t\t\t\t\t<span class=\"elementor-icon-list-text\">V\u00e9hicules de transport de min\u00e9raux<\/span>\n\t\t\t\t\t\t\t\t\t<\/li>\n\t\t\t\t\t\t\t\t<li class=\"elementor-icon-list-item\">\n\t\t\t\t\t\t\t\t\t\t\t<span class=\"elementor-icon-list-icon\">\n\t\t\t\t\t\t\t<svg aria-hidden=\"true\" class=\"e-font-icon-svg e-fas-dot-circle\" viewbox=\"0 0 512 512\" xmlns=\"http:\/\/www.w3.org\/2000\/svg\"><path d=\"M256 8C119.033 8 8 119.033 8 256s111.033 248 248 248 248-111.033 248-248S392.967 8 256 8zm80 248c0 44.112-35.888 80-80 80s-80-35.888-80-80 35.888-80 80-80 80 35.888 80 80z\"><\/path><\/svg>\t\t\t\t\t\t<\/span>\n\t\t\t\t\t\t\t\t\t\t<span class=\"elementor-icon-list-text\">Equipements scientifiques et de laboratoire<\/span>\n\t\t\t\t\t\t\t\t\t<\/li>\n\t\t\t\t\t\t<\/ul>\n\t\t\t\t\t\t<\/div>\n\t\t\t\t<\/div>\n\t\t\t\t\t<\/div>\n\t\t<\/div>\n\t\t\t\t\t<\/div>\n\t\t<\/section>\n\t\t\t\t\t<\/div>\n\t\t<\/div>\n\t\t\t\t\t<\/div>\n\t\t<\/section>\n\t\t\t\t<section class=\"elementor-section elementor-top-section elementor-element elementor-element-7166b842 elementor-section-boxed elementor-section-height-default elementor-section-height-default\" data-id=\"7166b842\" data-element_type=\"section\" data-settings=\"{&quot;background_background&quot;:&quot;classic&quot;}\">\n\t\t\t\t\t\t\t<div class=\"elementor-background-overlay\"><\/div>\n\t\t\t\t\t\t\t<div class=\"elementor-container elementor-column-gap-default\">\n\t\t\t\t\t<div class=\"elementor-column elementor-col-100 elementor-top-column elementor-element elementor-element-1751268a\" data-id=\"1751268a\" data-element_type=\"column\">\n\t\t\t<div class=\"elementor-widget-wrap elementor-element-populated\">\n\t\t\t\t\t\t<section class=\"elementor-section elementor-inner-section elementor-element elementor-element-209a2979 elementor-section-boxed elementor-section-height-default elementor-section-height-default\" data-id=\"209a2979\" data-element_type=\"section\" data-settings=\"{&quot;background_background&quot;:&quot;classic&quot;}\">\n\t\t\t\t\t\t<div class=\"elementor-container elementor-column-gap-default\">\n\t\t\t\t\t<div class=\"elementor-column elementor-col-100 elementor-inner-column elementor-element elementor-element-7b325755\" data-id=\"7b325755\" data-element_type=\"column\" data-settings=\"{&quot;animation&quot;:&quot;none&quot;,&quot;animation_delay&quot;:100,&quot;background_background&quot;:&quot;classic&quot;}\">\n\t\t\t<div class=\"elementor-widget-wrap elementor-element-populated\">\n\t\t\t\t\t\t<section class=\"elementor-section elementor-inner-section elementor-element elementor-element-21cc150f elementor-section-full_width elementor-section-height-default elementor-section-height-default elementor-invisible\" data-id=\"21cc150f\" data-element_type=\"section\" data-settings=\"{&quot;animation&quot;:&quot;fadeIn&quot;,&quot;animation_delay&quot;:150}\">\n\t\t\t\t\t\t<div class=\"elementor-container elementor-column-gap-no\">\n\t\t\t\t\t<div class=\"elementor-column elementor-col-50 elementor-inner-column elementor-element elementor-element-51849c7b\" data-id=\"51849c7b\" data-element_type=\"column\">\n\t\t\t<div class=\"elementor-widget-wrap elementor-element-populated\">\n\t\t\t\t\t\t<div class=\"elementor-element elementor-element-587bb422 elementor-widget__width-auto elementor-widget elementor-widget-counter\" data-id=\"587bb422\" data-element_type=\"widget\" data-widget_type=\"counter.default\">\n\t\t\t\t<div class=\"elementor-widget-container\">\n\t\t\t\t\t\t\t<div class=\"elementor-counter\">\n\t\t\t\t\t\t<div class=\"elementor-counter-number-wrapper\">\n\t\t\t\t<span class=\"elementor-counter-number-prefix\"><\/span>\n\t\t\t\t<span class=\"elementor-counter-number\" data-duration=\"2000\" data-to-value=\"17\" data-from-value=\"1\" data-delimiter=\",\">1<\/span>\n\t\t\t\t<span class=\"elementor-counter-number-suffix\">+<\/span>\n\t\t\t<\/div>\n\t\t<\/div>\n\t\t\t\t\t\t<\/div>\n\t\t\t\t<\/div>\n\t\t\t\t\t<\/div>\n\t\t<\/div>\n\t\t\t\t<div class=\"elementor-column elementor-col-50 elementor-inner-column elementor-element elementor-element-104c9756\" data-id=\"104c9756\" data-element_type=\"column\">\n\t\t\t<div class=\"elementor-widget-wrap elementor-element-populated\">\n\t\t\t\t\t\t<div class=\"elementor-element elementor-element-1a7ba6ce elementor-widget-mobile__width-inherit elementor-widget elementor-widget-heading\" data-id=\"1a7ba6ce\" data-element_type=\"widget\" data-widget_type=\"heading.default\">\n\t\t\t\t<div class=\"elementor-widget-container\">\n\t\t\t\t\t<h2 class=\"elementor-heading-title elementor-size-default\">GUITEC s'appuie sur sa longue exp\u00e9rience pour accompagner ses clients dans la recherche de solutions et d'\u00e9quipements de pointe adapt\u00e9s \u00e0 leurs besoins. Nous accompagnons et guidons nos clients dans la recherche de\nsolutions techniques adapt\u00e9es avec un engagement sur toute la cha\u00eene de valeur - de la conception,\nla fabrication, la livraison, l'installation et le service apr\u00e8s-vente.<\/h2>\t\t\t\t<\/div>\n\t\t\t\t<\/div>\n\t\t\t\t<div class=\"elementor-element elementor-element-12875f8 elementor-widget-mobile__width-inherit elementor-widget elementor-widget-heading\" data-id=\"12875f8\" data-element_type=\"widget\" data-widget_type=\"heading.default\">\n\t\t\t\t<div class=\"elementor-widget-container\">\n\t\t\t\t\t<h2 class=\"elementor-heading-title elementor-size-default\">Nous sommes une \u00e9quipe qualifi\u00e9e, engag\u00e9e \u00e0 fournir des services personnalis\u00e9s, professionnels et rapides qui\nam\u00e9liorent l\u2019efficacit\u00e9 op\u00e9rationnelle de nos clients.<\/h2>\t\t\t\t<\/div>\n\t\t\t\t<\/div>\n\t\t\t\t<div class=\"elementor-element elementor-element-98efe41 elementor-widget-mobile__width-inherit elementor-widget elementor-widget-heading\" data-id=\"98efe41\" data-element_type=\"widget\" data-widget_type=\"heading.default\">\n\t\t\t\t<div class=\"elementor-widget-container\">\n\t\t\t\t\t<h2 class=\"elementor-heading-title elementor-size-default\">Avec une exp\u00e9rience dans plus de 17 pays et des op\u00e9rations dans 3 pays, le r\u00e9seau de l'entreprise facilite les projets industriels en Afrique.<\/h2>\t\t\t\t<\/div>\n\t\t\t\t<\/div>\n\t\t\t\t<div class=\"elementor-element elementor-element-3878722d elementor-widget elementor-widget-king-addons-styled-text-builder\" data-id=\"3878722d\" data-element_type=\"widget\" data-widget_type=\"king-addons-styled-text-builder.default\">\n\t\t\t\t<div class=\"elementor-widget-container\">\n\t\t\t\t\t        <div class=\"king-addons-styled-text-builder-items\">\n            <span class=\"elementor-repeater-item-1bc7638 king-addons-styled-text\"><span class=\"king-addons-styled-text-inner\"><span>Nous comprenons l\u2019importance du bon \u00e9quilibre entre<\/span><\/span><\/span><span class=\"elementor-repeater-item-317cfa9 king-addons-styled-text-underline-gradient king-addons-styled-text\"><span class=\"king-addons-styled-text-inner\"><span> port\u00e9e mondiale et expertise locale<\/span><\/span><\/span>        <\/div>\n        \t\t\t\t<\/div>\n\t\t\t\t<\/div>\n\t\t\t\t\t<\/div>\n\t\t<\/div>\n\t\t\t\t\t<\/div>\n\t\t<\/section>\n\t\t\t\t<section class=\"elementor-section elementor-inner-section elementor-element elementor-element-1e5abae elementor-section-full_width elementor-section-height-default elementor-section-height-default elementor-invisible\" data-id=\"1e5abae\" data-element_type=\"section\" data-settings=\"{&quot;animation&quot;:&quot;fadeIn&quot;,&quot;animation_delay&quot;:250}\">\n\t\t\t\t\t\t<div class=\"elementor-container elementor-column-gap-no\">\n\t\t\t\t\t<div class=\"elementor-column elementor-col-50 elementor-inner-column elementor-element elementor-element-5c9660d\" data-id=\"5c9660d\" data-element_type=\"column\">\n\t\t\t<div class=\"elementor-widget-wrap\">\n\t\t\t\t\t\t\t<\/div>\n\t\t<\/div>\n\t\t\t\t<div class=\"elementor-column elementor-col-50 elementor-inner-column elementor-element elementor-element-14bd8ab\" data-id=\"14bd8ab\" data-element_type=\"column\">\n\t\t\t<div class=\"elementor-widget-wrap elementor-element-populated\">\n\t\t\t\t\t\t<div class=\"elementor-element elementor-element-de04e9b elementor-widget-mobile__width-inherit elementor-widget elementor-widget-heading\" data-id=\"de04e9b\" data-element_type=\"widget\" data-widget_type=\"heading.default\">\n\t\t\t\t<div class=\"elementor-widget-container\">\n\t\t\t\t\t<h2 class=\"elementor-heading-title elementor-size-default\"><a href=\"https:\/\/residence-725a6.web.app\/\">GUITEC investit \u00e9galement dans des projets immobiliers modernes comme la R\u00e9sidence Marly Stokely, alliant architecture contemporaine, finitions haut de gamme et espaces fonctionnels. Strat\u00e9giquement situ\u00e9e, cette r\u00e9sidence offre un cadre de vie confortable et repr\u00e9sente une opportunit\u00e9 d'investissement prometteuse port\u00e9e par la croissance du march\u00e9 local. <u><a href=\"https:\/\/residence-725a6.web.app\/\">Chez Marly<\/a><\/u><\/a><\/h2>\t\t\t\t<\/div>\n\t\t\t\t<\/div>\n\t\t\t\t\t<\/div>\n\t\t<\/div>\n\t\t\t\t\t<\/div>\n\t\t<\/section>\n\t\t\t\t\t<\/div>\n\t\t<\/div>\n\t\t\t\t\t<\/div>\n\t\t<\/section>\n\t\t\t\t\t<\/div>\n\t\t<\/div>\n\t\t\t\t\t<\/div>\n\t\t<\/section>\n\t\t\t\t<\/div>","protected":false},"excerpt":{"rendered":"<p>Who we are Your Partner in Growth and Excellence About us Innovative Solutions for Tomorrow&#8217;s Challenges Established in 1997, GUITEC is a leading commercial agency headquartered in West Africa, representing a carefully selected group of industry and laboratory sector leaders. Through strategic partnerships with esteemed manufacturers and service providers, and a commitment to advancing Africa\u2019s [&hellip;]<\/p>","protected":false},"author":1,"featured_media":0,"parent":0,"menu_order":0,"comment_status":"closed","ping_status":"closed","template":"page-templates\/template-full-width-page-without-header-title.php","meta":{"footnotes":""},"class_list":["post-197","page","type-page","status-publish","hentry"],"_links":{"self":[{"href":"https:\/\/gui-tec.com\/fr\/wp-json\/wp\/v2\/pages\/197","targetHints":{"allow":["GET"]}}],"collection":[{"href":"https:\/\/gui-tec.com\/fr\/wp-json\/wp\/v2\/pages"}],"about":[{"href":"https:\/\/gui-tec.com\/fr\/wp-json\/wp\/v2\/types\/page"}],"author":[{"embeddable":true,"href":"https:\/\/gui-tec.com\/fr\/wp-json\/wp\/v2\/users\/1"}],"replies":[{"embeddable":true,"href":"https:\/\/gui-tec.com\/fr\/wp-json\/wp\/v2\/comments?post=197"}],"version-history":[{"count":73,"href":"https:\/\/gui-tec.com\/fr\/wp-json\/wp\/v2\/pages\/197\/revisions"}],"predecessor-version":[{"id":1184,"href":"https:\/\/gui-tec.com\/fr\/wp-json\/wp\/v2\/pages\/197\/revisions\/1184"}],"wp:attachment":[{"href":"https:\/\/gui-tec.com\/fr\/wp-json\/wp\/v2\/media?parent=197"}],"curies":[{"name":"wp","href":"https:\/\/api.w.org\/{rel}","templated":true}]}}